{"id":937,"date":"2025-12-13T22:32:10","date_gmt":"2025-12-13T22:32:10","guid":{"rendered":"https:\/\/alinebattiston.com.br\/?page_id=937"},"modified":"2025-12-13T22:35:15","modified_gmt":"2025-12-13T22:35:15","slug":"937-2","status":"publish","type":"page","link":"https:\/\/alinebattiston.com.br\/","title":{"rendered":"Pagina em Construcao"},"content":{"rendered":"\n<style>\n  .uc-wrap{\n    min-height: 90vh;\n    display:flex;\n    align-items:center;\n    justify-content:center;\n    padding: 52px 18px;\n    background: radial-gradient(circle at top, rgba(58,112,255,.10) 0%, #ffffff 55%);\n    font-family: system-ui, -apple-system, Segoe UI, Roboto, Arial, sans-serif;\n  }\n  .uc-card{\n    width: min(920px, 100%);\n    background:#fff;\n    border: 1px solid rgba(0,0,0,.06);\n    border-radius: 20px;\n    box-shadow: 0 18px 40px rgba(0,0,0,.08);\n    padding: 56px 48px;\n    text-align:center;\n  }\n  .uc-logo{\n    width: 90px;\n    margin: 0 auto 18px;\n    display:block;\n  }\n  .uc-badge{\n    display:inline-flex;\n    align-items:center;\n    gap:8px;\n    font-size: 12px;\n    letter-spacing:.12em;\n    text-transform: uppercase;\n    color:#1c2b5a;\n    background: rgba(58,112,255,.12);\n    border: 1px solid rgba(58,112,255,.25);\n    padding: 10px 16px;\n    border-radius: 999px;\n    margin-bottom: 20px;\n  }\n  .uc-title{\n    font-size: clamp(34px, 4vw, 48px);\n    line-height: 1.1;\n    font-weight: 800;\n    color:#0b0f1a;\n    margin-bottom: 14px;\n  }\n  .uc-text{\n    font-size: 17px;\n    line-height: 1.7;\n    color: rgba(0,0,0,.70);\n    max-width: 60ch;\n    margin: 0 auto 28px;\n  }\n  .uc-note{\n    font-size: 14px;\n    color: rgba(0,0,0,.55);\n  }\n<\/style>\n\n<section class=\"uc-wrap\">\n  <div class=\"uc-card\" role=\"region\" aria-label=\"P\u00e1gina em constru\u00e7\u00e3o\">\n    \n    <img decoding=\"async\" class=\"uc-logo\"\n         src=\"https:\/\/alinebattiston.com.br\/wp-content\/uploads\/elementor\/thumbs\/AB-Logo-Azul-1-q7t6et5aa7yibmorjid9arpu5sv6fbrcswbttqu294.png\"\n         alt=\"Aline Battiston\">\n\n    <div class=\"uc-badge\">\ud83d\udee0\ufe0f Site em atualiza\u00e7\u00e3o<\/div>\n\n    <h1 class=\"uc-title\">Estamos em pausa<\/h1>\n\n    <p class=\"uc-text\">\n      Nosso site est\u00e1 passando por atualiza\u00e7\u00f5es e melhorias.<br>\n      Durante este per\u00edodo, os <strong>atendimentos est\u00e3o temporariamente interrompidos<\/strong>.\n    <\/p>\n\n    <p class=\"uc-note\">\n      Em breve retornaremos com novidades.<br>\n      Agradecemos a compreens\u00e3o.\n    <\/p>\n\n    <p class=\"uc-note\" style=\"margin-top:28px;\">\n      \u00a9 <span id=\"ucYear\"><\/span> Aline Battiston \u2014 Todos os direitos reservados.\n    <\/p>\n  <\/div>\n<\/section>\n\n<script>\n  document.getElementById('ucYear').textContent = new Date().getFullYear();\n<\/script>\n\n","protected":false},"excerpt":{"rendered":"<p>\ud83d\udee0\ufe0f Site em atualiza\u00e7\u00e3o Estamos em pausa Nosso site est\u00e1 passando por atualiza\u00e7\u00f5es e melhorias. Durante este per\u00edodo, os atendimentos est\u00e3o temporariamente interrompidos. Em breve retornaremos com novidades. Agradecemos a compreens\u00e3o. \u00a9 Aline Battiston \u2014 Todos os direitos reservados.<\/p>\n","protected":false},"author":1,"featured_media":0,"parent":6,"menu_order":0,"comment_status":"closed","ping_status":"closed","template":"","meta":{"footnotes":""},"class_list":["post-937","page","type-page","status-publish","hentry"],"yoast_head":"<!-- This site is optimized with the Yoast SEO plugin v27.4 - https:\/\/yoast.com\/product\/yoast-seo-wordpress\/ -->\n<title>Pagina em Construcao - Aline Battiston<\/title>\n<meta name=\"robots\" content=\"index, follow, max-snippet:-1, max-image-preview:large, max-video-preview:-1\" \/>\n<link rel=\"canonical\" href=\"https:\/\/alinebattiston.com.br\/?page_id=937\" \/>\n<meta property=\"og:locale\" content=\"en_US\" \/>\n<meta property=\"og:type\" content=\"article\" \/>\n<meta property=\"og:title\" content=\"Pagina em Construcao - Aline Battiston\" \/>\n<meta property=\"og:description\" content=\"\ud83d\udee0\ufe0f Site em atualiza\u00e7\u00e3o Estamos em pausa Nosso site est\u00e1 passando por atualiza\u00e7\u00f5es e melhorias. Durante este per\u00edodo, os atendimentos est\u00e3o temporariamente interrompidos. Em breve retornaremos com novidades. Agradecemos a compreens\u00e3o. \u00a9 Aline Battiston \u2014 Todos os direitos reservados.\" \/>\n<meta property=\"og:url\" content=\"https:\/\/alinebattiston.com.br\/?page_id=937\" \/>\n<meta property=\"og:site_name\" content=\"Aline Battiston\" \/>\n<meta property=\"article:modified_time\" content=\"2025-12-13T22:35:15+00:00\" \/>\n<meta property=\"og:image\" content=\"https:\/\/alinebattiston.com.br\/wp-content\/uploads\/elementor\/thumbs\/AB-Logo-Azul-1-q7t6et5aa7yibmorjid9arpu5sv6fbrcswbttqu294.png\" \/>\n<meta name=\"twitter:card\" content=\"summary_large_image\" \/>\n<script type=\"application\/ld+json\" class=\"yoast-schema-graph\">{\"@context\":\"https:\\\/\\\/schema.org\",\"@graph\":[{\"@type\":\"WebPage\",\"@id\":\"https:\\\/\\\/alinebattiston.com.br\\\/?page_id=937\",\"url\":\"https:\\\/\\\/alinebattiston.com.br\\\/?page_id=937\",\"name\":\"Pagina em Construcao - Aline Battiston\",\"isPartOf\":{\"@id\":\"https:\\\/\\\/alinebattiston.com.br\\\/#website\"},\"primaryImageOfPage\":{\"@id\":\"https:\\\/\\\/alinebattiston.com.br\\\/?page_id=937#primaryimage\"},\"image\":{\"@id\":\"https:\\\/\\\/alinebattiston.com.br\\\/?page_id=937#primaryimage\"},\"thumbnailUrl\":\"https:\\\/\\\/alinebattiston.com.br\\\/wp-content\\\/uploads\\\/elementor\\\/thumbs\\\/AB-Logo-Azul-1-q7t6et5aa7yibmorjid9arpu5sv6fbrcswbttqu294.png\",\"datePublished\":\"2025-12-13T22:32:10+00:00\",\"dateModified\":\"2025-12-13T22:35:15+00:00\",\"breadcrumb\":{\"@id\":\"https:\\\/\\\/alinebattiston.com.br\\\/?page_id=937#breadcrumb\"},\"inLanguage\":\"en-US\",\"potentialAction\":[{\"@type\":\"ReadAction\",\"target\":[\"https:\\\/\\\/alinebattiston.com.br\\\/?page_id=937\"]}]},{\"@type\":\"ImageObject\",\"inLanguage\":\"en-US\",\"@id\":\"https:\\\/\\\/alinebattiston.com.br\\\/?page_id=937#primaryimage\",\"url\":\"https:\\\/\\\/alinebattiston.com.br\\\/wp-content\\\/uploads\\\/elementor\\\/thumbs\\\/AB-Logo-Azul-1-q7t6et5aa7yibmorjid9arpu5sv6fbrcswbttqu294.png\",\"contentUrl\":\"https:\\\/\\\/alinebattiston.com.br\\\/wp-content\\\/uploads\\\/elementor\\\/thumbs\\\/AB-Logo-Azul-1-q7t6et5aa7yibmorjid9arpu5sv6fbrcswbttqu294.png\"},{\"@type\":\"BreadcrumbList\",\"@id\":\"https:\\\/\\\/alinebattiston.com.br\\\/?page_id=937#breadcrumb\",\"itemListElement\":[{\"@type\":\"ListItem\",\"position\":1,\"name\":\"Home\",\"item\":\"https:\\\/\\\/alinebattiston.com.br\\\/?page_id=937\"},{\"@type\":\"ListItem\",\"position\":2,\"name\":\"Home\",\"item\":\"https:\\\/\\\/alinebattiston.com.br\\\/\"},{\"@type\":\"ListItem\",\"position\":3,\"name\":\"Pagina em Construcao\"}]},{\"@type\":\"WebSite\",\"@id\":\"https:\\\/\\\/alinebattiston.com.br\\\/#website\",\"url\":\"https:\\\/\\\/alinebattiston.com.br\\\/\",\"name\":\"Aline Battiston\",\"description\":\"Terapeuta integrativa com +15 anos de experi\u00eancia. Terapia para ansiedade, depress\u00e3o, reiki, constela\u00e7\u00e3o e atendimentos online ou presenciais em Ribeir\u00e3o Preto. Agende sua sess\u00e3o!\",\"publisher\":{\"@id\":\"https:\\\/\\\/alinebattiston.com.br\\\/#organization\"},\"potentialAction\":[{\"@type\":\"SearchAction\",\"target\":{\"@type\":\"EntryPoint\",\"urlTemplate\":\"https:\\\/\\\/alinebattiston.com.br\\\/?s={search_term_string}\"},\"query-input\":{\"@type\":\"PropertyValueSpecification\",\"valueRequired\":true,\"valueName\":\"search_term_string\"}}],\"inLanguage\":\"en-US\"},{\"@type\":\"Organization\",\"@id\":\"https:\\\/\\\/alinebattiston.com.br\\\/#organization\",\"name\":\"Aline Battiston\",\"url\":\"https:\\\/\\\/alinebattiston.com.br\\\/\",\"logo\":{\"@type\":\"ImageObject\",\"inLanguage\":\"en-US\",\"@id\":\"https:\\\/\\\/alinebattiston.com.br\\\/#\\\/schema\\\/logo\\\/image\\\/\",\"url\":\"https:\\\/\\\/alinebattiston.com.br\\\/wp-content\\\/uploads\\\/2023\\\/06\\\/AB-Logos-350-x-100-px.png\",\"contentUrl\":\"https:\\\/\\\/alinebattiston.com.br\\\/wp-content\\\/uploads\\\/2023\\\/06\\\/AB-Logos-350-x-100-px.png\",\"width\":350,\"height\":100,\"caption\":\"Aline Battiston\"},\"image\":{\"@id\":\"https:\\\/\\\/alinebattiston.com.br\\\/#\\\/schema\\\/logo\\\/image\\\/\"}}]}<\/script>\n<!-- \/ Yoast SEO plugin. -->","yoast_head_json":{"title":"Pagina em Construcao - Aline Battiston","robots":{"index":"index","follow":"follow","max-snippet":"max-snippet:-1","max-image-preview":"max-image-preview:large","max-video-preview":"max-video-preview:-1"},"canonical":"https:\/\/alinebattiston.com.br\/?page_id=937","og_locale":"en_US","og_type":"article","og_title":"Pagina em Construcao - Aline Battiston","og_description":"\ud83d\udee0\ufe0f Site em atualiza\u00e7\u00e3o Estamos em pausa Nosso site est\u00e1 passando por atualiza\u00e7\u00f5es e melhorias. Durante este per\u00edodo, os atendimentos est\u00e3o temporariamente interrompidos. Em breve retornaremos com novidades. Agradecemos a compreens\u00e3o. \u00a9 Aline Battiston \u2014 Todos os direitos reservados.","og_url":"https:\/\/alinebattiston.com.br\/?page_id=937","og_site_name":"Aline Battiston","article_modified_time":"2025-12-13T22:35:15+00:00","og_image":[{"url":"https:\/\/alinebattiston.com.br\/wp-content\/uploads\/elementor\/thumbs\/AB-Logo-Azul-1-q7t6et5aa7yibmorjid9arpu5sv6fbrcswbttqu294.png","type":"","width":"","height":""}],"twitter_card":"summary_large_image","schema":{"@context":"https:\/\/schema.org","@graph":[{"@type":"WebPage","@id":"https:\/\/alinebattiston.com.br\/?page_id=937","url":"https:\/\/alinebattiston.com.br\/?page_id=937","name":"Pagina em Construcao - Aline Battiston","isPartOf":{"@id":"https:\/\/alinebattiston.com.br\/#website"},"primaryImageOfPage":{"@id":"https:\/\/alinebattiston.com.br\/?page_id=937#primaryimage"},"image":{"@id":"https:\/\/alinebattiston.com.br\/?page_id=937#primaryimage"},"thumbnailUrl":"https:\/\/alinebattiston.com.br\/wp-content\/uploads\/elementor\/thumbs\/AB-Logo-Azul-1-q7t6et5aa7yibmorjid9arpu5sv6fbrcswbttqu294.png","datePublished":"2025-12-13T22:32:10+00:00","dateModified":"2025-12-13T22:35:15+00:00","breadcrumb":{"@id":"https:\/\/alinebattiston.com.br\/?page_id=937#breadcrumb"},"inLanguage":"en-US","potentialAction":[{"@type":"ReadAction","target":["https:\/\/alinebattiston.com.br\/?page_id=937"]}]},{"@type":"ImageObject","inLanguage":"en-US","@id":"https:\/\/alinebattiston.com.br\/?page_id=937#primaryimage","url":"https:\/\/alinebattiston.com.br\/wp-content\/uploads\/elementor\/thumbs\/AB-Logo-Azul-1-q7t6et5aa7yibmorjid9arpu5sv6fbrcswbttqu294.png","contentUrl":"https:\/\/alinebattiston.com.br\/wp-content\/uploads\/elementor\/thumbs\/AB-Logo-Azul-1-q7t6et5aa7yibmorjid9arpu5sv6fbrcswbttqu294.png"},{"@type":"BreadcrumbList","@id":"https:\/\/alinebattiston.com.br\/?page_id=937#breadcrumb","itemListElement":[{"@type":"ListItem","position":1,"name":"Home","item":"https:\/\/alinebattiston.com.br\/?page_id=937"},{"@type":"ListItem","position":2,"name":"Home","item":"https:\/\/alinebattiston.com.br\/"},{"@type":"ListItem","position":3,"name":"Pagina em Construcao"}]},{"@type":"WebSite","@id":"https:\/\/alinebattiston.com.br\/#website","url":"https:\/\/alinebattiston.com.br\/","name":"Aline Battiston","description":"Terapeuta integrativa com +15 anos de experi\u00eancia. Terapia para ansiedade, depress\u00e3o, reiki, constela\u00e7\u00e3o e atendimentos online ou presenciais em Ribeir\u00e3o Preto. Agende sua sess\u00e3o!","publisher":{"@id":"https:\/\/alinebattiston.com.br\/#organization"},"potentialAction":[{"@type":"SearchAction","target":{"@type":"EntryPoint","urlTemplate":"https:\/\/alinebattiston.com.br\/?s={search_term_string}"},"query-input":{"@type":"PropertyValueSpecification","valueRequired":true,"valueName":"search_term_string"}}],"inLanguage":"en-US"},{"@type":"Organization","@id":"https:\/\/alinebattiston.com.br\/#organization","name":"Aline Battiston","url":"https:\/\/alinebattiston.com.br\/","logo":{"@type":"ImageObject","inLanguage":"en-US","@id":"https:\/\/alinebattiston.com.br\/#\/schema\/logo\/image\/","url":"https:\/\/alinebattiston.com.br\/wp-content\/uploads\/2023\/06\/AB-Logos-350-x-100-px.png","contentUrl":"https:\/\/alinebattiston.com.br\/wp-content\/uploads\/2023\/06\/AB-Logos-350-x-100-px.png","width":350,"height":100,"caption":"Aline Battiston"},"image":{"@id":"https:\/\/alinebattiston.com.br\/#\/schema\/logo\/image\/"}}]}},"_links":{"self":[{"href":"https:\/\/alinebattiston.com.br\/index.php?rest_route=\/wp\/v2\/pages\/937","targetHints":{"allow":["GET"]}}],"collection":[{"href":"https:\/\/alinebattiston.com.br\/index.php?rest_route=\/wp\/v2\/pages"}],"about":[{"href":"https:\/\/alinebattiston.com.br\/index.php?rest_route=\/wp\/v2\/types\/page"}],"author":[{"embeddable":true,"href":"https:\/\/alinebattiston.com.br\/index.php?rest_route=\/wp\/v2\/users\/1"}],"replies":[{"embeddable":true,"href":"https:\/\/alinebattiston.com.br\/index.php?rest_route=%2Fwp%2Fv2%2Fcomments&post=937"}],"version-history":[{"count":4,"href":"https:\/\/alinebattiston.com.br\/index.php?rest_route=\/wp\/v2\/pages\/937\/revisions"}],"predecessor-version":[{"id":941,"href":"https:\/\/alinebattiston.com.br\/index.php?rest_route=\/wp\/v2\/pages\/937\/revisions\/941"}],"up":[{"embeddable":true,"href":"https:\/\/alinebattiston.com.br\/index.php?rest_route=\/wp\/v2\/pages\/6"}],"wp:attachment":[{"href":"https:\/\/alinebattiston.com.br\/index.php?rest_route=%2Fwp%2Fv2%2Fmedia&parent=937"}],"curies":[{"name":"wp","href":"https:\/\/api.w.org\/{rel}","templated":true}]}}